{"id":768,"date":"2023-06-01T07:02:03","date_gmt":"2023-06-01T07:02:03","guid":{"rendered":"https:\/\/baldirivila.com\/?page_id=768"},"modified":"2023-06-23T07:25:16","modified_gmt":"2023-06-23T07:25:16","slug":"politica-de-privacitat","status":"publish","type":"page","link":"https:\/\/baldirivila.com\/esp\/politica-de-privacidad\/","title":{"rendered":"Pol\u00edtica de privacidad"},"content":{"rendered":"<h2 class=\"wp-block-heading\">Responsable del tratamiento de los datos<\/h2>\n\n\n\n<p>El responsable del tratamiento de datos personales recogidos en la web de Baldiri Vila S.L. es:<\/p>\n\n\n\n<p>EMPRESA: Baldiri Vila SL<\/p>\n\n\n\n<p>CIF: B61176707<\/p>\n\n\n\n<p>REGISTRO MERCANTIL: Registro Mercantil de Barcelona Tomo 29261, folio 52, hoja n\u00famero B-154621, inscripci\u00f3n 1a<\/p>\n\n\n\n<p>DOMICILIO: Mercado Mercabarna, PABELLON G. 7017 A 7022, Barcelona, 08040, Barcelona<\/p>\n\n\n\n<p>TEL\u00c9FONO: +34 932 631 593<\/p>\n\n\n\n<p>EMAIL: info@baldirivila.com<\/p>\n\n\n\n<p>DOMINIO: baldirivila.com<\/p>\n\n\n\n<h2 class=\"wp-block-heading\">Finalidad del tratamiento de los datos<\/h2>\n\n\n\n<p>La finalidad de la recogida de datos es mantener un contacto directo y personalizado con nuestros Usuarios. De esta forma, utilizaremos sus datos para atender las dudas o la informaci\u00f3n que nos haya requerido, gestionar sus solicitudes y garantizarle una experiencia que respete los m\u00e1ximos est\u00e1ndares.<\/p>\n\n\n\n<p>El e-mail desde el que nos escriba en nuestro correo, lo utilizaremos para remitirle informaci\u00f3n relacionada con las dudas o inquietudes que nos haya planteado o para realizar los tr\u00e1mites o ayudarle con los tr\u00e1mites que necesite.<\/p>\n\n\n\n<p>En ning\u00fan caso recibir\u00e1 informaci\u00f3n de terceros sin haberle informado y solicitado su consentimiento expreso previamente, velando de esta forma para cumplir con los par\u00e1metros de la normativa europea; ni se realizar\u00e1 ning\u00fan tipo de transferencia internacional que tenga por objeto sus datos de car\u00e1cter personal.<\/p>\n\n\n\n<h2 class=\"wp-block-heading\">Calidad de los datos<\/h2>\n\n\n\n<p>El documento aqu\u00ed mostrado y toda la informaci\u00f3n escrita cumple con el art\u00edculo 4.3 de la LOPD. La \u00faltima modificaci\u00f3n de este art\u00edculo se realiz\u00f3 el 01\/06\/2023.<\/p>\n\n\n\n<h2 class=\"wp-block-heading\">Plazo de conservaci\u00f3n de los datos<\/h2>\n\n\n\n<p>Los datos personales proporcionados se conservar\u00e1n hasta que no se solicite su suspensi\u00f3n por parte del interesado, ejerciendo sus derechos sobre los datos, y en cualquier caso en cumplimiento de plazos legales de prescripci\u00f3n que le sean de aplicaci\u00f3n.<\/p>\n\n\n\n<h2 class=\"wp-block-heading\">Cesiones y transferencias internacionales de datos<\/h2>\n\n\n\n<p>No se comunicar\u00e1n ni ceder\u00e1n los datos a ning\u00fan destinatario.<\/p>\n\n\n\n<h2 class=\"wp-block-heading\">Cookies<\/h2>\n\n\n\n<p>Una cookie (cookie) es un archivo que se descarga en un ordenador al acceder a determinados sitios web. Las cookies permiten a un sitio web, entre otras cosas, almacenar y recuperar informaci\u00f3n sobre los h\u00e1bitos de navegaci\u00f3n de un usuario o de su equipo y, dependiendo de la informaci\u00f3n que contengan y de la forma en que utilice su equipo, pueden permitir reconocer el usuario. Las cookies se asocian \u00fanicamente a un usuario an\u00f3nimo y su ordenador o dispositivo, y no proporcionan referencias que permitan identificar sus datos personales.<\/p>\n\n\n\n<p>El portal de baldirivila.com utiliza cookies de los siguientes tipos:<\/p>\n\n\n\n<ul class=\"wp-block-list\">\n<li>Cookies t\u00e9cnicas. Son necesarias para el uso de la web.<\/li>\n\n\n\n<li>Cookies de personalizaci\u00f3n. Permiten al usuario acceder al servicio con caracter\u00edsticas predefinidas, como el idioma, el navegador, la configuraci\u00f3n regional, etc.<\/li>\n\n\n\n<li>Cookies de an\u00e1lisis. Recogen informaci\u00f3n del uso que se hace de la web.<\/li>\n<\/ul>\n\n\n\n<p>Las galletas anal\u00edticas de terceros que Baldiri Vila S.L. utiliza en su portal son las de Google Analytics: cookies anal\u00edticas que recogen informaci\u00f3n del tr\u00e1fico y el comportamiento de los usuarios en la web de forma an\u00f3nima.<\/p>\n\n\n\n<p>El uso de las cookies de terceros est\u00e1 sujeto a las pol\u00edticas de privacidad propias de estos terceros.<\/p>\n\n\n\n<p>La instalaci\u00f3n de cookies se realiza siempre que el usuario d\u00e9 la autorizaci\u00f3n a su navegador. El usuario siempre puede, si lo considera conveniente, activar las opciones del navegador para rechazar la instalaci\u00f3n de cookies.<\/p>\n\n\n\n<h2 class=\"wp-block-heading\">Derechos del usuario<\/h2>\n\n\n\n<p>El usuario tiene los siguientes derechos sobre sus datos:<\/p>\n\n\n\n<p><strong>Acceso<\/strong>: Permite al usuario que pueda solicitar informaci\u00f3n al responsable de un fichero sobre si los datos est\u00e1n siendo tratados.<\/p>\n\n\n\n<p><strong>Rectificaci\u00f3n<\/strong>: Permite al usuario afectado solicitar la modificaci\u00f3n de datos que sean inexactos o incompletos.<\/p>\n\n\n\n<p><strong>Cancelaci\u00f3n<\/strong>: El usuario afectado puede solicitar la supresi\u00f3n de los datos que resulten inadecuados o excesivos, sin perjuicio del deber de bloqueo.<\/p>\n\n\n\n<p><strong>Oposici\u00f3n<\/strong>: se trata del derecho de un usuario a oponerse al tratamiento de sus datos personales.<\/p>\n\n\n\n<p><strong>Portabilidad<\/strong>: Podr\u00e1 recibir sus datos personales facilitados en un formato estructurado, de uso com\u00fan y lectura mec\u00e1nica y poder transmitir, a otro responsable, siempre que sea t\u00e9cnicamente posible.<\/p>\n\n\n\n<p><strong>Olvido<\/strong>: El usuario podr\u00e1 solicitar la supresi\u00f3n de los datos personales sin dilaci\u00f3n debida cuando se d\u00e9 alguno de los supuestos contemplados. Por ejemplo, tratamiento il\u00edcito de datos o cuando haya desaparecido la finalidad que motiv\u00f3 el tratamiento o recogida.<\/p>\n\n\n\n<p><strong>Limitaci\u00f3n en el tratamiento: <\/strong>Por lo general, en los casos en que no quede claro si los datos personales debe borrarse, puede ejercer su derecho a limitar el tratamiento. Este derecho existe en los siguientes casos: (i) cuando la exactitud de los datos de que se trate est\u00e9 en duda; (ii) cuando no se quiere que se borren los datos; (iii) cuando los datos ya no sean necesarios para la finalidad original, pero pueden derivarse actuaciones jur\u00eddicas; (iv) cuando la decisi\u00f3n de su objeci\u00f3n al tratamiento est\u00e9 pendiente.<\/p>\n\n\n\n<p>Para ejercer sus derechos, el usuario puede ponerse en contacto con info@baldirivila.com o por correo escrito a Mercado Mercabarna, PABELLON G. 7017 A 7022, Barcelona, 08040, Barcelona<\/p>","protected":false},"excerpt":{"rendered":"<p>Responsable del tractament de les dades El responsable del tractament de dades personals recollides al web de Baldiri Vila S.L. \u00e9s: EMPRESA: Baldiri Vila S.L. CIF: B61176707 REGISTRE MERCANTIL: Registre Mercantil de Barcelona Tom 29261, foli 52, full n\u00famero B-154621, inscripci\u00f3 1a DOMICILI: Mercado Mercabarna, PABELLON G. 7017 A 7022, Barcelona, 08040, Barcelona TEL\u00c8FON: +34 [&hellip;]<\/p>","protected":false},"author":1,"featured_media":0,"parent":0,"menu_order":0,"comment_status":"closed","ping_status":"open","template":"","meta":{"_et_pb_use_builder":"off","_et_pb_old_content":"","_et_gb_content_width":"1080","footnotes":""},"class_list":["post-768","page","type-page","status-publish","hentry"],"yoast_head":"<!-- This site is optimized with the Yoast SEO plugin v23.9 - https:\/\/yoast.com\/wordpress\/plugins\/seo\/ -->\n<title>Pol\u00edtica de privacitat - baldiri vil\u00e0<\/title>\n<meta name=\"robots\" content=\"noindex, follow\" \/>\n<meta property=\"og:locale\" content=\"es_ES\" \/>\n<meta property=\"og:type\" content=\"article\" \/>\n<meta property=\"og:title\" content=\"Pol\u00edtica de privacitat - baldiri vil\u00e0\" \/>\n<meta property=\"og:description\" content=\"Responsable del tractament de les dades El responsable del tractament de dades personals recollides al web de Baldiri Vila S.L. \u00e9s: EMPRESA: Baldiri Vila S.L. CIF: B61176707 REGISTRE MERCANTIL: Registre Mercantil de Barcelona Tom 29261, foli 52, full n\u00famero B-154621, inscripci\u00f3 1a DOMICILI: Mercado Mercabarna, PABELLON G. 7017 A 7022, Barcelona, 08040, Barcelona TEL\u00c8FON: +34 [&hellip;]\" \/>\n<meta property=\"og:url\" content=\"https:\/\/baldirivila.com\/esp\/politica-de-privacidad\/\" \/>\n<meta property=\"og:site_name\" content=\"baldiri vil\u00e0\" \/>\n<meta property=\"article:publisher\" content=\"https:\/\/www.facebook.com\/profile.php?id=61550965973332\" \/>\n<meta property=\"article:modified_time\" content=\"2023-06-23T07:25:16+00:00\" \/>\n<meta name=\"twitter:card\" content=\"summary_large_image\" \/>\n<meta name=\"twitter:label1\" content=\"Tiempo de lectura\" \/>\n\t<meta name=\"twitter:data1\" content=\"5 minutos\" \/>\n<script type=\"application\/ld+json\" class=\"yoast-schema-graph\">{\"@context\":\"https:\/\/schema.org\",\"@graph\":[{\"@type\":\"WebPage\",\"@id\":\"https:\/\/baldirivila.com\/politica-de-privacitat\/\",\"url\":\"https:\/\/baldirivila.com\/politica-de-privacitat\/\",\"name\":\"Pol\u00edtica de privacitat - baldiri vil\u00e0\",\"isPartOf\":{\"@id\":\"https:\/\/baldirivila.com\/#website\"},\"datePublished\":\"2023-06-01T07:02:03+00:00\",\"dateModified\":\"2023-06-23T07:25:16+00:00\",\"breadcrumb\":{\"@id\":\"https:\/\/baldirivila.com\/politica-de-privacitat\/#breadcrumb\"},\"inLanguage\":\"es\",\"potentialAction\":[{\"@type\":\"ReadAction\",\"target\":[\"https:\/\/baldirivila.com\/politica-de-privacitat\/\"]}]},{\"@type\":\"BreadcrumbList\",\"@id\":\"https:\/\/baldirivila.com\/politica-de-privacitat\/#breadcrumb\",\"itemListElement\":[{\"@type\":\"ListItem\",\"position\":1,\"name\":\"Inici\",\"item\":\"https:\/\/baldirivila.com\/\"},{\"@type\":\"ListItem\",\"position\":2,\"name\":\"Pol\u00edtica de privacitat\"}]},{\"@type\":\"WebSite\",\"@id\":\"https:\/\/baldirivila.com\/#website\",\"url\":\"https:\/\/baldirivila.com\/\",\"name\":\"baldiri vil\u00e0\",\"description\":\"Per tradici\u00f3 i qualitat, Baldiri Vil\u00e0\",\"publisher\":{\"@id\":\"https:\/\/baldirivila.com\/#organization\"},\"inLanguage\":\"es\"},{\"@type\":\"Organization\",\"@id\":\"https:\/\/baldirivila.com\/#organization\",\"name\":\"Baldiri Vil\u00e0\",\"url\":\"https:\/\/baldirivila.com\/\",\"logo\":{\"@type\":\"ImageObject\",\"inLanguage\":\"es\",\"@id\":\"https:\/\/baldirivila.com\/#\/schema\/logo\/image\/\",\"url\":\"https:\/\/baldirivila.com\/wp-content\/uploads\/2023\/06\/favicon.png\",\"contentUrl\":\"https:\/\/baldirivila.com\/wp-content\/uploads\/2023\/06\/favicon.png\",\"width\":50,\"height\":50,\"caption\":\"Baldiri Vil\u00e0\"},\"image\":{\"@id\":\"https:\/\/baldirivila.com\/#\/schema\/logo\/image\/\"},\"sameAs\":[\"https:\/\/www.facebook.com\/profile.php?id=61550965973332\",\"https:\/\/www.instagram.com\/baldiri_vila\/\"]}]}<\/script>\n<!-- \/ Yoast SEO plugin. -->","yoast_head_json":{"title":"Pol\u00edtica de privacitat - baldiri vil\u00e0","robots":{"index":"noindex","follow":"follow"},"og_locale":"es_ES","og_type":"article","og_title":"Pol\u00edtica de privacitat - baldiri vil\u00e0","og_description":"Responsable del tractament de les dades El responsable del tractament de dades personals recollides al web de Baldiri Vila S.L. \u00e9s: EMPRESA: Baldiri Vila S.L. CIF: B61176707 REGISTRE MERCANTIL: Registre Mercantil de Barcelona Tom 29261, foli 52, full n\u00famero B-154621, inscripci\u00f3 1a DOMICILI: Mercado Mercabarna, PABELLON G. 7017 A 7022, Barcelona, 08040, Barcelona TEL\u00c8FON: +34 [&hellip;]","og_url":"https:\/\/baldirivila.com\/esp\/politica-de-privacidad\/","og_site_name":"baldiri vil\u00e0","article_publisher":"https:\/\/www.facebook.com\/profile.php?id=61550965973332","article_modified_time":"2023-06-23T07:25:16+00:00","twitter_card":"summary_large_image","twitter_misc":{"Tiempo de lectura":"5 minutos"},"schema":{"@context":"https:\/\/schema.org","@graph":[{"@type":"WebPage","@id":"https:\/\/baldirivila.com\/politica-de-privacitat\/","url":"https:\/\/baldirivila.com\/politica-de-privacitat\/","name":"Pol\u00edtica de privacitat - baldiri vil\u00e0","isPartOf":{"@id":"https:\/\/baldirivila.com\/#website"},"datePublished":"2023-06-01T07:02:03+00:00","dateModified":"2023-06-23T07:25:16+00:00","breadcrumb":{"@id":"https:\/\/baldirivila.com\/politica-de-privacitat\/#breadcrumb"},"inLanguage":"es","potentialAction":[{"@type":"ReadAction","target":["https:\/\/baldirivila.com\/politica-de-privacitat\/"]}]},{"@type":"BreadcrumbList","@id":"https:\/\/baldirivila.com\/politica-de-privacitat\/#breadcrumb","itemListElement":[{"@type":"ListItem","position":1,"name":"Inici","item":"https:\/\/baldirivila.com\/"},{"@type":"ListItem","position":2,"name":"Pol\u00edtica de privacitat"}]},{"@type":"WebSite","@id":"https:\/\/baldirivila.com\/#website","url":"https:\/\/baldirivila.com\/","name":"baldiri vil\u00e0","description":"Per tradici\u00f3 i qualitat, Baldiri Vil\u00e0","publisher":{"@id":"https:\/\/baldirivila.com\/#organization"},"inLanguage":"es"},{"@type":"Organization","@id":"https:\/\/baldirivila.com\/#organization","name":"Baldiri Vil\u00e0","url":"https:\/\/baldirivila.com\/","logo":{"@type":"ImageObject","inLanguage":"es","@id":"https:\/\/baldirivila.com\/#\/schema\/logo\/image\/","url":"https:\/\/baldirivila.com\/wp-content\/uploads\/2023\/06\/favicon.png","contentUrl":"https:\/\/baldirivila.com\/wp-content\/uploads\/2023\/06\/favicon.png","width":50,"height":50,"caption":"Baldiri Vil\u00e0"},"image":{"@id":"https:\/\/baldirivila.com\/#\/schema\/logo\/image\/"},"sameAs":["https:\/\/www.facebook.com\/profile.php?id=61550965973332","https:\/\/www.instagram.com\/baldiri_vila\/"]}]}},"_links":{"self":[{"href":"https:\/\/baldirivila.com\/esp\/wp-json\/wp\/v2\/pages\/768","targetHints":{"allow":["GET"]}}],"collection":[{"href":"https:\/\/baldirivila.com\/esp\/wp-json\/wp\/v2\/pages"}],"about":[{"href":"https:\/\/baldirivila.com\/esp\/wp-json\/wp\/v2\/types\/page"}],"author":[{"embeddable":true,"href":"https:\/\/baldirivila.com\/esp\/wp-json\/wp\/v2\/users\/1"}],"replies":[{"embeddable":true,"href":"https:\/\/baldirivila.com\/esp\/wp-json\/wp\/v2\/comments?post=768"}],"version-history":[{"count":3,"href":"https:\/\/baldirivila.com\/esp\/wp-json\/wp\/v2\/pages\/768\/revisions"}],"predecessor-version":[{"id":808,"href":"https:\/\/baldirivila.com\/esp\/wp-json\/wp\/v2\/pages\/768\/revisions\/808"}],"wp:attachment":[{"href":"https:\/\/baldirivila.com\/esp\/wp-json\/wp\/v2\/media?parent=768"}],"curies":[{"name":"wp","href":"https:\/\/api.w.org\/{rel}","templated":true}]}}