{"id":146,"date":"2022-12-15T09:50:58","date_gmt":"2022-12-15T09:50:58","guid":{"rendered":"https:\/\/baldirivila.com\/?page_id=146"},"modified":"2023-12-19T16:12:30","modified_gmt":"2023-12-19T16:12:30","slug":"noticies","status":"publish","type":"page","link":"https:\/\/baldirivila.com\/fra\/nouvelles\/","title":{"rendered":"Nouvelles"},"content":{"rendered":"<p>[et_pb_section fb_built=&#8221;1&#8243; _builder_version=&#8221;4.17.1&#8243; _module_preset=&#8221;default&#8221; use_background_color_gradient=&#8221;on&#8221; background_color_gradient_stops=&#8221;rgba(255,255,255,0.4) 0%|rgba(255,255,255,0) 20%&#8221; background_color_gradient_overlays_image=&#8221;on&#8221; background_image=&#8221;https:\/\/baldirivila.com\/wp-content\/uploads\/2022\/12\/agricultor-enciam-scaled.webp&#8221; height=&#8221;103vh&#8221; custom_margin=&#8221;-100px||||false|false&#8221; global_colors_info=&#8221;{}&#8221;][et_pb_row make_equal=&#8221;on&#8221; _builder_version=&#8221;4.17.1&#8243; _module_preset=&#8221;default&#8221; max_width=&#8221;1380px&#8221; height=&#8221;100%&#8221; custom_css_main_element=&#8221;display: flex;||flex-direction: column;||justify-content: center;&#8221; global_colors_info=&#8221;{}&#8221;][et_pb_column type=&#8221;4_4&#8243; _builder_version=&#8221;4.17.1&#8243; _module_preset=&#8221;default&#8221; global_colors_info=&#8221;{}&#8221;][et_pb_text content_tablet=&#8221;<\/p>\n<div><span style=\"%22font-size:\" 7vw; font-family: dancing script; text-align: left; color: #f2b715 !important; text-shadow: 0px 15px rgba(0,0, 0, 0.4);%22>Les derni\u00e8res nouvelles<\/span><\/p>\n<h1 style=\"%22text-transform:\" uppercase; font-family: poppins; font-size: 7vw; text-align: left; line-height: 1em; text-shadow: 0px 15px rgba(0,0,0,0.4); font-weight: 400%22>Nouvelles<\/h1>\n<\/div>\n<p>&#8221; content_phone=&#8221;<\/p>\n<div><span style=\"%22font-size:\" 8vw; font-family: dancing script; text-align: left; color: #f2b715 !important; text-shadow: 0px 15px rgba(0,0, 0, 0.4);%22>Les derni\u00e8res nouvelles<\/span><\/p>\n<h1 style=\"%22text-transform:\" uppercase; font-family: poppins; font-size: 10vw; text-align: left; line-height: 1em; text-shadow: 0px 15px rgba(0,0,0,0.4); font-weight: 400%22>Nouvelles<\/h1>\n<\/div>\n<p>&#8221; content_last_edited=&#8221;on|phone&#8221; _builder_version=&#8221;4.21.0&#8243; _module_preset=&#8221;default&#8221; text_font=&#8221;Dancing Script||||||||&#8221; text_text_color=&#8221;#ffffff&#8221; header_font=&#8221;Poppins|||on|||||&#8221; header_text_align=&#8221;center&#8221; header_text_color=&#8221;#FFFFFF&#8221; header_font_size=&#8221;60px&#8221; header_2_font=&#8221;Poppins|||on|||||&#8221; header_2_font_size=&#8221;40px&#8221; header_font_size_tablet=&#8221;60px&#8221; header_font_size_phone=&#8221;45px&#8221; header_font_size_last_edited=&#8221;on|phone&#8221; global_colors_info=&#8221;{}&#8221;]<\/p>\n<div><span style=\"font-size: 70px; font-family: Dancing Script; text-align: left; color: #f2b715 !important; text-shadow: 0px 0px 15px rgba(0,0, 0, 0.4);\">Les derni\u00e8res nouvelles<\/span><\/p>\n<h1 style=\"text-transform: uppercase; font-family: Poppins; font-size: 100px; text-align: left; line-height: 1em; text-shadow: 0px 0px 15px rgba(0,0,0,0.4); font-weight: 400;\">Nouvelles<\/h1>\n<\/div>\n<p>[\/et_pb_text][\/et_pb_column][\/et_pb_row][\/et_pb_section][et_pb_section fb_built=&#8221;1&#8243; _builder_version=&#8221;4.17.1&#8243; _module_preset=&#8221;default&#8221; global_colors_info=&#8221;{}&#8221;][et_pb_row _builder_version=&#8221;4.17.1&#8243; _module_preset=&#8221;default&#8221; max_width=&#8221;1300px&#8221; locked=&#8221;off&#8221; global_colors_info=&#8221;{}&#8221;][et_pb_column type=&#8221;4_4&#8243; _builder_version=&#8221;4.17.1&#8243; _module_preset=&#8221;default&#8221; global_colors_info=&#8221;{}&#8221;][et_pb_blog _builder_version=&#8221;4.22.1&#8243; _module_preset=&#8221;default&#8221; hover_enabled=&#8221;0&#8243; sticky_enabled=&#8221;0&#8243; show_author=&#8221;off&#8221; show_date=&#8221;off&#8221; show_categories=&#8221;off&#8221; header_font=&#8221;Poppins||||||||&#8221; body_font=&#8221;Poppins|300|||||||&#8221;][\/et_pb_blog][\/et_pb_column][\/et_pb_row][\/et_pb_section]<\/p>","protected":false},"excerpt":{"rendered":"<p>Les \u00faltimes novetats Not\u00edcies<\/p>","protected":false},"author":1,"featured_media":0,"parent":0,"menu_order":0,"comment_status":"closed","ping_status":"open","template":"","meta":{"_et_pb_use_builder":"on","_et_pb_old_content":"","_et_gb_content_width":"","footnotes":""},"class_list":["post-146","page","type-page","status-publish","hentry"],"yoast_head":"<!-- This site is optimized with the Yoast SEO plugin v23.9 - https:\/\/yoast.com\/wordpress\/plugins\/seo\/ -->\n<title>Not\u00edcies - baldiri vil\u00e0<\/title>\n<meta name=\"description\" content=\"Estigues al corrent de les \u00faltimes not\u00edcies a Baldiri Vil\u00e0. Novetats, consells i tend\u00e8ncies sobre fruites i verdures fresques.\" \/>\n<meta name=\"robots\" content=\"index, follow, max-snippet:-1, max-image-preview:large, max-video-preview:-1\" \/>\n<link rel=\"canonical\" href=\"https:\/\/baldirivila.com\/fra\/nouvelles\/\" \/>\n<meta property=\"og:locale\" content=\"fr_FR\" \/>\n<meta property=\"og:type\" content=\"article\" \/>\n<meta property=\"og:title\" content=\"Not\u00edcies - baldiri vil\u00e0\" \/>\n<meta property=\"og:description\" content=\"Estigues al corrent de les \u00faltimes not\u00edcies a Baldiri Vil\u00e0. Novetats, consells i tend\u00e8ncies sobre fruites i verdures fresques.\" \/>\n<meta property=\"og:url\" content=\"https:\/\/baldirivila.com\/fra\/nouvelles\/\" \/>\n<meta property=\"og:site_name\" content=\"baldiri vil\u00e0\" \/>\n<meta property=\"article:publisher\" content=\"https:\/\/www.facebook.com\/profile.php?id=61550965973332\" \/>\n<meta property=\"article:modified_time\" content=\"2023-12-19T16:12:30+00:00\" \/>\n<meta name=\"twitter:card\" content=\"summary_large_image\" \/>\n<meta name=\"twitter:label1\" content=\"Dur\u00e9e de lecture estim\u00e9e\" \/>\n\t<meta name=\"twitter:data1\" content=\"1 minute\" \/>\n<script type=\"application\/ld+json\" class=\"yoast-schema-graph\">{\"@context\":\"https:\/\/schema.org\",\"@graph\":[{\"@type\":\"WebPage\",\"@id\":\"https:\/\/baldirivila.com\/noticies\/\",\"url\":\"https:\/\/baldirivila.com\/noticies\/\",\"name\":\"Not\u00edcies - baldiri vil\u00e0\",\"isPartOf\":{\"@id\":\"https:\/\/baldirivila.com\/#website\"},\"datePublished\":\"2022-12-15T09:50:58+00:00\",\"dateModified\":\"2023-12-19T16:12:30+00:00\",\"description\":\"Estigues al corrent de les \u00faltimes not\u00edcies a Baldiri Vil\u00e0. Novetats, consells i tend\u00e8ncies sobre fruites i verdures fresques.\",\"breadcrumb\":{\"@id\":\"https:\/\/baldirivila.com\/noticies\/#breadcrumb\"},\"inLanguage\":\"fr-FR\",\"potentialAction\":[{\"@type\":\"ReadAction\",\"target\":[\"https:\/\/baldirivila.com\/noticies\/\"]}]},{\"@type\":\"BreadcrumbList\",\"@id\":\"https:\/\/baldirivila.com\/noticies\/#breadcrumb\",\"itemListElement\":[{\"@type\":\"ListItem\",\"position\":1,\"name\":\"Inici\",\"item\":\"https:\/\/baldirivila.com\/\"},{\"@type\":\"ListItem\",\"position\":2,\"name\":\"Not\u00edcies\"}]},{\"@type\":\"WebSite\",\"@id\":\"https:\/\/baldirivila.com\/#website\",\"url\":\"https:\/\/baldirivila.com\/\",\"name\":\"baldiri vil\u00e0\",\"description\":\"Per tradici\u00f3 i qualitat, Baldiri Vil\u00e0\",\"publisher\":{\"@id\":\"https:\/\/baldirivila.com\/#organization\"},\"inLanguage\":\"fr-FR\"},{\"@type\":\"Organization\",\"@id\":\"https:\/\/baldirivila.com\/#organization\",\"name\":\"Baldiri Vil\u00e0\",\"url\":\"https:\/\/baldirivila.com\/\",\"logo\":{\"@type\":\"ImageObject\",\"inLanguage\":\"fr-FR\",\"@id\":\"https:\/\/baldirivila.com\/#\/schema\/logo\/image\/\",\"url\":\"https:\/\/baldirivila.com\/wp-content\/uploads\/2023\/06\/favicon.png\",\"contentUrl\":\"https:\/\/baldirivila.com\/wp-content\/uploads\/2023\/06\/favicon.png\",\"width\":50,\"height\":50,\"caption\":\"Baldiri Vil\u00e0\"},\"image\":{\"@id\":\"https:\/\/baldirivila.com\/#\/schema\/logo\/image\/\"},\"sameAs\":[\"https:\/\/www.facebook.com\/profile.php?id=61550965973332\",\"https:\/\/www.instagram.com\/baldiri_vila\/\"]}]}<\/script>\n<!-- \/ Yoast SEO plugin. -->","yoast_head_json":{"title":"Not\u00edcies - baldiri vil\u00e0","description":"Estigues al corrent de les \u00faltimes not\u00edcies a Baldiri Vil\u00e0. Novetats, consells i tend\u00e8ncies sobre fruites i verdures fresques.","robots":{"index":"index","follow":"follow","max-snippet":"max-snippet:-1","max-image-preview":"max-image-preview:large","max-video-preview":"max-video-preview:-1"},"canonical":"https:\/\/baldirivila.com\/fra\/nouvelles\/","og_locale":"fr_FR","og_type":"article","og_title":"Not\u00edcies - baldiri vil\u00e0","og_description":"Estigues al corrent de les \u00faltimes not\u00edcies a Baldiri Vil\u00e0. Novetats, consells i tend\u00e8ncies sobre fruites i verdures fresques.","og_url":"https:\/\/baldirivila.com\/fra\/nouvelles\/","og_site_name":"baldiri vil\u00e0","article_publisher":"https:\/\/www.facebook.com\/profile.php?id=61550965973332","article_modified_time":"2023-12-19T16:12:30+00:00","twitter_card":"summary_large_image","twitter_misc":{"Dur\u00e9e de lecture estim\u00e9e":"1 minute"},"schema":{"@context":"https:\/\/schema.org","@graph":[{"@type":"WebPage","@id":"https:\/\/baldirivila.com\/noticies\/","url":"https:\/\/baldirivila.com\/noticies\/","name":"Not\u00edcies - baldiri vil\u00e0","isPartOf":{"@id":"https:\/\/baldirivila.com\/#website"},"datePublished":"2022-12-15T09:50:58+00:00","dateModified":"2023-12-19T16:12:30+00:00","description":"Estigues al corrent de les \u00faltimes not\u00edcies a Baldiri Vil\u00e0. Novetats, consells i tend\u00e8ncies sobre fruites i verdures fresques.","breadcrumb":{"@id":"https:\/\/baldirivila.com\/noticies\/#breadcrumb"},"inLanguage":"fr-FR","potentialAction":[{"@type":"ReadAction","target":["https:\/\/baldirivila.com\/noticies\/"]}]},{"@type":"BreadcrumbList","@id":"https:\/\/baldirivila.com\/noticies\/#breadcrumb","itemListElement":[{"@type":"ListItem","position":1,"name":"Inici","item":"https:\/\/baldirivila.com\/"},{"@type":"ListItem","position":2,"name":"Not\u00edcies"}]},{"@type":"WebSite","@id":"https:\/\/baldirivila.com\/#website","url":"https:\/\/baldirivila.com\/","name":"baldiri vil\u00e0","description":"Per tradici\u00f3 i qualitat, Baldiri Vil\u00e0","publisher":{"@id":"https:\/\/baldirivila.com\/#organization"},"inLanguage":"fr-FR"},{"@type":"Organization","@id":"https:\/\/baldirivila.com\/#organization","name":"Baldiri Vil\u00e0","url":"https:\/\/baldirivila.com\/","logo":{"@type":"ImageObject","inLanguage":"fr-FR","@id":"https:\/\/baldirivila.com\/#\/schema\/logo\/image\/","url":"https:\/\/baldirivila.com\/wp-content\/uploads\/2023\/06\/favicon.png","contentUrl":"https:\/\/baldirivila.com\/wp-content\/uploads\/2023\/06\/favicon.png","width":50,"height":50,"caption":"Baldiri Vil\u00e0"},"image":{"@id":"https:\/\/baldirivila.com\/#\/schema\/logo\/image\/"},"sameAs":["https:\/\/www.facebook.com\/profile.php?id=61550965973332","https:\/\/www.instagram.com\/baldiri_vila\/"]}]}},"_links":{"self":[{"href":"https:\/\/baldirivila.com\/fra\/wp-json\/wp\/v2\/pages\/146","targetHints":{"allow":["GET"]}}],"collection":[{"href":"https:\/\/baldirivila.com\/fra\/wp-json\/wp\/v2\/pages"}],"about":[{"href":"https:\/\/baldirivila.com\/fra\/wp-json\/wp\/v2\/types\/page"}],"author":[{"embeddable":true,"href":"https:\/\/baldirivila.com\/fra\/wp-json\/wp\/v2\/users\/1"}],"replies":[{"embeddable":true,"href":"https:\/\/baldirivila.com\/fra\/wp-json\/wp\/v2\/comments?post=146"}],"version-history":[{"count":12,"href":"https:\/\/baldirivila.com\/fra\/wp-json\/wp\/v2\/pages\/146\/revisions"}],"predecessor-version":[{"id":1260,"href":"https:\/\/baldirivila.com\/fra\/wp-json\/wp\/v2\/pages\/146\/revisions\/1260"}],"wp:attachment":[{"href":"https:\/\/baldirivila.com\/fra\/wp-json\/wp\/v2\/media?parent=146"}],"curies":[{"name":"wp","href":"https:\/\/api.w.org\/{rel}","templated":true}]}}